{"id":1088,"date":"2019-04-06T17:12:25","date_gmt":"2019-04-06T15:12:25","guid":{"rendered":"http:\/\/fc-menuiserie.com\/?page_id=1088"},"modified":"2025-01-04T17:07:44","modified_gmt":"2025-01-04T16:07:44","slug":"menuiserie-bois-fabricant-de-meubles-sur-mesure","status":"publish","type":"page","link":"https:\/\/fc-menuiserie.com\/index.php\/menuiserie-bois-fabricant-de-meubles-sur-mesure\/","title":{"rendered":"Meubles et lumi\u00e8res"},"content":{"rendered":"<div id=\"pl-1088\"  class=\"panel-layout\" ><div id=\"pg-1088-0\"  class=\"panel-grid panel-no-style\" ><div id=\"pgc-1088-0-0\"  class=\"panel-grid-cell\" ><div id=\"panel-1088-0-0-0\" class=\"so-panel widget widget_sow-editor panel-first-child panel-last-child\" data-index=\"0\" ><div\n\t\t\t\n\t\t\tclass=\"so-widget-sow-editor so-widget-sow-editor-base\"\n\t\t\t\n\t\t>\n<div class=\"siteorigin-widget-tinymce textwidget\">\n\t<p><span style=\"color: #3366ff;\"><em><strong><span style=\"font-size: 32px; font-family: Dancing Script;\">Meuble \u00e9tag\u00e8res avec bandeau led incrust\u00e9 dans la traverse haute et interrupteur sensitif encastr\u00e9 dans le montant gauche<\/span><\/strong><\/em><\/span><\/p>\n<\/div>\n<\/div><\/div><\/div><\/div><div id=\"pg-1088-1\"  class=\"panel-grid panel-no-style\" ><div id=\"pgc-1088-1-0\"  class=\"panel-grid-cell\" ><div id=\"panel-1088-1-0-0\" class=\"so-panel widget widget_text panel-first-child\" data-index=\"1\" >\t\t\t<div class=\"textwidget\"><p><a href=\"http:\/\/fc-menuiserie.com\/wp-content\/uploads\/2019\/04\/20190105_110901-e1554547461622.jpg\"><img loading=\"lazy\" class=\"alignnone wp-image-1079 size-medium\" src=\"http:\/\/fc-menuiserie.com\/wp-content\/uploads\/2019\/04\/20190105_110901-e1554547461622-238x300.jpg\" alt=\"meuble-etagere-led-dormans\" width=\"238\" height=\"300\" srcset=\"https:\/\/fc-menuiserie.com\/wp-content\/uploads\/2019\/04\/20190105_110901-e1554547461622-238x300.jpg 238w, https:\/\/fc-menuiserie.com\/wp-content\/uploads\/2019\/04\/20190105_110901-e1554547461622-768x969.jpg 768w, https:\/\/fc-menuiserie.com\/wp-content\/uploads\/2019\/04\/20190105_110901-e1554547461622-811x1024.jpg 811w, https:\/\/fc-menuiserie.com\/wp-content\/uploads\/2019\/04\/20190105_110901-e1554547461622-600x757.jpg 600w, https:\/\/fc-menuiserie.com\/wp-content\/uploads\/2019\/04\/20190105_110901-e1554547461622.jpg 1658w\" sizes=\"(max-width: 238px) 100vw, 238px\" \/><\/a><\/p>\n<\/div>\n\t\t<\/div><div id=\"panel-1088-1-0-1\" class=\"so-panel widget widget_sow-editor panel-last-child\" data-index=\"2\" ><div\n\t\t\t\n\t\t\tclass=\"so-widget-sow-editor so-widget-sow-editor-base\"\n\t\t\t\n\t\t>\n<div class=\"siteorigin-widget-tinymce textwidget\">\n\t<p><span style=\"color: #000000;\"><strong><span style=\"font-size: 24px;\"><em><span style=\"font-family: Dancing Script;\">le meuble est mont\u00e9 en atelier<\/span><\/em><\/span><\/strong><\/span><\/p>\n<\/div>\n<\/div><\/div><\/div><div id=\"pgc-1088-1-1\"  class=\"panel-grid-cell\" ><div id=\"panel-1088-1-1-0\" class=\"so-panel widget widget_text panel-first-child\" data-index=\"3\" >\t\t\t<div class=\"textwidget\"><p><a href=\"http:\/\/fc-menuiserie.com\/wp-content\/uploads\/2019\/04\/20190108_122451-e1554547508184.jpg\"><img loading=\"lazy\" class=\"alignnone wp-image-1080 size-medium\" src=\"http:\/\/fc-menuiserie.com\/wp-content\/uploads\/2019\/04\/20190108_122451-e1554547508184-210x300.jpg\" alt=\"meuble-etagere-led-chateau-thierry\" width=\"210\" height=\"300\" srcset=\"https:\/\/fc-menuiserie.com\/wp-content\/uploads\/2019\/04\/20190108_122451-e1554547508184-210x300.jpg 210w, https:\/\/fc-menuiserie.com\/wp-content\/uploads\/2019\/04\/20190108_122451-e1554547508184-768x1096.jpg 768w, https:\/\/fc-menuiserie.com\/wp-content\/uploads\/2019\/04\/20190108_122451-e1554547508184-718x1024.jpg 718w, https:\/\/fc-menuiserie.com\/wp-content\/uploads\/2019\/04\/20190108_122451-e1554547508184-600x856.jpg 600w, https:\/\/fc-menuiserie.com\/wp-content\/uploads\/2019\/04\/20190108_122451-e1554547508184.jpg 1671w\" sizes=\"(max-width: 210px) 100vw, 210px\" \/><\/a><\/p>\n<\/div>\n\t\t<\/div><div id=\"panel-1088-1-1-1\" class=\"so-panel widget widget_sow-editor panel-last-child\" data-index=\"4\" ><div\n\t\t\t\n\t\t\tclass=\"so-widget-sow-editor so-widget-sow-editor-base\"\n\t\t\t\n\t\t>\n<div class=\"siteorigin-widget-tinymce textwidget\">\n\t<p><em><strong><span style=\"font-size: 24px; color: #000000;\"><span style=\"font-family: Dancing Script;\">Voici la joue du meuble \u00e0 rapport\u00e9 \u00e0 gauche et son passage de fil pour le bandeau led et l'interrupteur<\/span><\/span><\/strong><\/em><\/p>\n<\/div>\n<\/div><\/div><\/div><\/div><div id=\"pg-1088-2\"  class=\"panel-grid panel-no-style\" ><div id=\"pgc-1088-2-0\"  class=\"panel-grid-cell\" ><div id=\"panel-1088-2-0-0\" class=\"so-panel widget widget_text panel-first-child\" data-index=\"5\" >\t\t\t<div class=\"textwidget\"><p><a href=\"http:\/\/fc-menuiserie.com\/wp-content\/uploads\/2019\/04\/20190108_190757-e1554547546319.jpg\"><img loading=\"lazy\" class=\"alignnone wp-image-1081 size-medium\" src=\"http:\/\/fc-menuiserie.com\/wp-content\/uploads\/2019\/04\/20190108_190757-e1554547546319-250x300.jpg\" alt=\"\" width=\"250\" height=\"300\" srcset=\"https:\/\/fc-menuiserie.com\/wp-content\/uploads\/2019\/04\/20190108_190757-e1554547546319-250x300.jpg 250w, https:\/\/fc-menuiserie.com\/wp-content\/uploads\/2019\/04\/20190108_190757-e1554547546319-768x923.jpg 768w, https:\/\/fc-menuiserie.com\/wp-content\/uploads\/2019\/04\/20190108_190757-e1554547546319-852x1024.jpg 852w, https:\/\/fc-menuiserie.com\/wp-content\/uploads\/2019\/04\/20190108_190757-e1554547546319-600x721.jpg 600w, https:\/\/fc-menuiserie.com\/wp-content\/uploads\/2019\/04\/20190108_190757-e1554547546319.jpg 1730w\" sizes=\"(max-width: 250px) 100vw, 250px\" \/><\/a><\/p>\n<\/div>\n\t\t<\/div><div id=\"panel-1088-2-0-1\" class=\"so-panel widget widget_sow-editor panel-last-child\" data-index=\"6\" ><div\n\t\t\t\n\t\t\tclass=\"so-widget-sow-editor so-widget-sow-editor-base\"\n\t\t\t\n\t\t>\n<div class=\"siteorigin-widget-tinymce textwidget\">\n\t<p><span style=\"color: #000000;\"><em><strong><span style=\"font-family: Dancing Script;\"><span style=\"font-size: 24px;\">Essai du bandeau led en atelier<\/span> <\/span><\/strong><\/em><\/span><\/p>\n<\/div>\n<\/div><\/div><\/div><div id=\"pgc-1088-2-1\"  class=\"panel-grid-cell\" ><div id=\"panel-1088-2-1-0\" class=\"so-panel widget widget_text panel-first-child\" data-index=\"7\" >\t\t\t<div class=\"textwidget\"><p><a href=\"http:\/\/fc-menuiserie.com\/wp-content\/uploads\/2019\/04\/20190119_092203-e1554547577530.jpg\"><img loading=\"lazy\" class=\"alignnone wp-image-1082 size-medium\" src=\"http:\/\/fc-menuiserie.com\/wp-content\/uploads\/2019\/04\/20190119_092203-e1554547577530-188x300.jpg\" alt=\"\" width=\"188\" height=\"300\" srcset=\"https:\/\/fc-menuiserie.com\/wp-content\/uploads\/2019\/04\/20190119_092203-e1554547577530-188x300.jpg 188w, https:\/\/fc-menuiserie.com\/wp-content\/uploads\/2019\/04\/20190119_092203-e1554547577530-768x1223.jpg 768w, https:\/\/fc-menuiserie.com\/wp-content\/uploads\/2019\/04\/20190119_092203-e1554547577530-643x1024.jpg 643w, https:\/\/fc-menuiserie.com\/wp-content\/uploads\/2019\/04\/20190119_092203-e1554547577530-600x955.jpg 600w, https:\/\/fc-menuiserie.com\/wp-content\/uploads\/2019\/04\/20190119_092203-e1554547577530.jpg 1607w\" sizes=\"(max-width: 188px) 100vw, 188px\" \/><\/a><\/p>\n<\/div>\n\t\t<\/div><div id=\"panel-1088-2-1-1\" class=\"so-panel widget widget_sow-editor panel-last-child\" data-index=\"8\" ><div\n\t\t\t\n\t\t\tclass=\"so-widget-sow-editor so-widget-sow-editor-base\"\n\t\t\t\n\t\t>\n<div class=\"siteorigin-widget-tinymce textwidget\">\n\t<p><em><span style=\"color: #000000;\"><strong><span style=\"font-family: Dancing Script; font-size: 24px;\">D\u00e9but du montage du meuble chez le client<\/span><\/strong><\/span><\/em><\/p>\n<\/div>\n<\/div><\/div><\/div><div id=\"pgc-1088-2-2\"  class=\"panel-grid-cell\" ><div id=\"panel-1088-2-2-0\" class=\"so-panel widget widget_text panel-first-child panel-last-child\" data-index=\"9\" >\t\t\t<div class=\"textwidget\"><p><a href=\"http:\/\/fc-menuiserie.com\/wp-content\/uploads\/2019\/04\/20190119_093957-e1554547605621.jpg\"><img loading=\"lazy\" class=\"alignnone wp-image-1083 size-medium\" src=\"http:\/\/fc-menuiserie.com\/wp-content\/uploads\/2019\/04\/20190119_093957-e1554547605621-208x300.jpg\" alt=\"\" width=\"208\" height=\"300\" srcset=\"https:\/\/fc-menuiserie.com\/wp-content\/uploads\/2019\/04\/20190119_093957-e1554547605621-208x300.jpg 208w, https:\/\/fc-menuiserie.com\/wp-content\/uploads\/2019\/04\/20190119_093957-e1554547605621-768x1108.jpg 768w, https:\/\/fc-menuiserie.com\/wp-content\/uploads\/2019\/04\/20190119_093957-e1554547605621-710x1024.jpg 710w, https:\/\/fc-menuiserie.com\/wp-content\/uploads\/2019\/04\/20190119_093957-e1554547605621-600x865.jpg 600w, https:\/\/fc-menuiserie.com\/wp-content\/uploads\/2019\/04\/20190119_093957-e1554547605621.jpg 1788w\" sizes=\"(max-width: 208px) 100vw, 208px\" \/><\/a><\/p>\n<\/div>\n\t\t<\/div><\/div><\/div><div id=\"pg-1088-3\"  class=\"panel-grid panel-no-style\" ><div id=\"pgc-1088-3-0\"  class=\"panel-grid-cell\" ><div id=\"panel-1088-3-0-0\" class=\"so-panel widget widget_text panel-first-child\" data-index=\"10\" >\t\t\t<div class=\"textwidget\"><p><a href=\"http:\/\/fc-menuiserie.com\/wp-content\/uploads\/2019\/04\/20190119_115222-e1554547627274.jpg\"><img loading=\"lazy\" class=\"alignnone wp-image-1086 size-medium\" src=\"http:\/\/fc-menuiserie.com\/wp-content\/uploads\/2019\/04\/20190119_115222-e1554547627274-225x300.jpg\" alt=\"\" width=\"225\" height=\"300\" srcset=\"https:\/\/fc-menuiserie.com\/wp-content\/uploads\/2019\/04\/20190119_115222-e1554547627274-225x300.jpg 225w, https:\/\/fc-menuiserie.com\/wp-content\/uploads\/2019\/04\/20190119_115222-e1554547627274-768x1024.jpg 768w, https:\/\/fc-menuiserie.com\/wp-content\/uploads\/2019\/04\/20190119_115222-e1554547627274-600x800.jpg 600w, https:\/\/fc-menuiserie.com\/wp-content\/uploads\/2019\/04\/20190119_115222-e1554547627274.jpg 1944w\" sizes=\"(max-width: 225px) 100vw, 225px\" \/><\/a><\/p>\n<\/div>\n\t\t<\/div><div id=\"panel-1088-3-0-1\" class=\"so-panel widget widget_sow-editor panel-last-child\" data-index=\"11\" ><div\n\t\t\t\n\t\t\tclass=\"so-widget-sow-editor so-widget-sow-editor-base\"\n\t\t\t\n\t\t>\n<div class=\"siteorigin-widget-tinymce textwidget\">\n\t<p><em><strong><span style=\"font-family: Dancing Script; font-size: 24px; color: #000000;\">Et voici le meuble install\u00e9 chez le client<\/span><\/strong><\/em><\/p>\n<\/div>\n<\/div><\/div><\/div><\/div><div id=\"pg-1088-4\"  class=\"panel-grid panel-no-style\" ><div id=\"pgc-1088-4-0\"  class=\"panel-grid-cell\" ><div id=\"panel-1088-4-0-0\" class=\"so-panel widget widget_sow-editor panel-first-child panel-last-child\" data-index=\"12\" ><div\n\t\t\t\n\t\t\tclass=\"so-widget-sow-editor so-widget-sow-editor-base\"\n\t\t\t\n\t\t>\n<div class=\"siteorigin-widget-tinymce textwidget\">\n\t<p><strong><em><span style=\"font-family: Dancing Script; font-size: 32px; color: #3366ff;\">Panneau lumineux avec inox<\/span><\/em><\/strong><\/p>\n<\/div>\n<\/div><\/div><\/div><\/div><div id=\"pg-1088-5\"  class=\"panel-grid panel-no-style\" ><div id=\"pgc-1088-5-0\"  class=\"panel-grid-cell\" ><div id=\"panel-1088-5-0-0\" class=\"so-panel widget widget_text panel-first-child panel-last-child\" data-index=\"13\" >\t\t\t<div class=\"textwidget\"><p><a href=\"http:\/\/fc-menuiserie.com\/wp-content\/uploads\/2019\/10\/20190509_180053-e1571171945873.jpg\"><img loading=\"lazy\" class=\"alignnone wp-image-1229 size-medium\" src=\"http:\/\/fc-menuiserie.com\/wp-content\/uploads\/2019\/10\/20190509_180053-e1571171945873-225x300.jpg\" alt=\"panneau-inox\" width=\"225\" height=\"300\" srcset=\"https:\/\/fc-menuiserie.com\/wp-content\/uploads\/2019\/10\/20190509_180053-e1571171945873-225x300.jpg 225w, https:\/\/fc-menuiserie.com\/wp-content\/uploads\/2019\/10\/20190509_180053-e1571171945873-768x1024.jpg 768w, https:\/\/fc-menuiserie.com\/wp-content\/uploads\/2019\/10\/20190509_180053-e1571171945873-600x800.jpg 600w, https:\/\/fc-menuiserie.com\/wp-content\/uploads\/2019\/10\/20190509_180053-e1571171945873.jpg 1944w\" sizes=\"(max-width: 225px) 100vw, 225px\" \/><\/a><\/p>\n<\/div>\n\t\t<\/div><\/div><div id=\"pgc-1088-5-1\"  class=\"panel-grid-cell\" ><div id=\"panel-1088-5-1-0\" class=\"so-panel widget widget_text panel-first-child panel-last-child\" data-index=\"14\" >\t\t\t<div class=\"textwidget\"><p><a href=\"http:\/\/fc-menuiserie.com\/wp-content\/uploads\/2019\/10\/20190510_093909-e1571172011329.jpg\"><img loading=\"lazy\" class=\"alignnone wp-image-1230 size-medium\" src=\"http:\/\/fc-menuiserie.com\/wp-content\/uploads\/2019\/10\/20190510_093909-e1571172011329-225x300.jpg\" alt=\"panneau-inox-avec-led\" width=\"225\" height=\"300\" srcset=\"https:\/\/fc-menuiserie.com\/wp-content\/uploads\/2019\/10\/20190510_093909-e1571172011329-225x300.jpg 225w, https:\/\/fc-menuiserie.com\/wp-content\/uploads\/2019\/10\/20190510_093909-e1571172011329-768x1024.jpg 768w, https:\/\/fc-menuiserie.com\/wp-content\/uploads\/2019\/10\/20190510_093909-e1571172011329-600x800.jpg 600w, https:\/\/fc-menuiserie.com\/wp-content\/uploads\/2019\/10\/20190510_093909-e1571172011329.jpg 1944w\" sizes=\"(max-width: 225px) 100vw, 225px\" \/><\/a><\/p>\n<\/div>\n\t\t<\/div><\/div><\/div><div id=\"pg-1088-6\"  class=\"panel-grid panel-no-style\" ><div id=\"pgc-1088-6-0\"  class=\"panel-grid-cell\" ><div id=\"panel-1088-6-0-0\" class=\"so-panel widget widget_sow-editor panel-first-child panel-last-child\" data-index=\"15\" ><div\n\t\t\t\n\t\t\tclass=\"so-widget-sow-editor so-widget-sow-editor-base\"\n\t\t\t\n\t\t>\n<div class=\"siteorigin-widget-tinymce textwidget\">\n\t<p><span style=\"color: #000000;\"><em><strong><span style=\"font-family: Dancing Script; font-size: 24px;\">Dressing mansard\u00e9 avec \u00e9clairage leds et d\u00e9tecteur de mouvements dans les penderies<\/span><\/strong><\/em><\/span><\/p>\n<\/div>\n<\/div><\/div><\/div><div id=\"pgc-1088-6-1\"  class=\"panel-grid-cell\" ><div id=\"panel-1088-6-1-0\" class=\"so-panel widget widget_text panel-first-child panel-last-child\" data-index=\"16\" >\t\t\t<div class=\"textwidget\"><p><a href=\"https:\/\/fc-menuiserie.com\/wp-content\/uploads\/2022\/11\/Dressing-M-L-11-scaled-e1667314693133.jpg\"><img loading=\"lazy\" class=\"alignnone wp-image-1289 size-medium\" src=\"https:\/\/fc-menuiserie.com\/wp-content\/uploads\/2022\/11\/Dressing-M-L-11-scaled-e1667314693133-271x300.jpg\" alt=\"dressing-leds\" width=\"271\" height=\"300\" srcset=\"https:\/\/fc-menuiserie.com\/wp-content\/uploads\/2022\/11\/Dressing-M-L-11-scaled-e1667314693133-271x300.jpg 271w, https:\/\/fc-menuiserie.com\/wp-content\/uploads\/2022\/11\/Dressing-M-L-11-scaled-e1667314693133-926x1024.jpg 926w, https:\/\/fc-menuiserie.com\/wp-content\/uploads\/2022\/11\/Dressing-M-L-11-scaled-e1667314693133-768x849.jpg 768w, https:\/\/fc-menuiserie.com\/wp-content\/uploads\/2022\/11\/Dressing-M-L-11-scaled-e1667314693133-1389x1536.jpg 1389w, https:\/\/fc-menuiserie.com\/wp-content\/uploads\/2022\/11\/Dressing-M-L-11-scaled-e1667314693133-1852x2048.jpg 1852w, https:\/\/fc-menuiserie.com\/wp-content\/uploads\/2022\/11\/Dressing-M-L-11-scaled-e1667314693133.jpg 1881w\" sizes=\"(max-width: 271px) 100vw, 271px\" \/><\/a><\/p>\n<\/div>\n\t\t<\/div><\/div><\/div><\/div>","protected":false},"excerpt":{"rendered":"<p>Meuble \u00e9tag\u00e8res avec bandeau led incrust\u00e9 dans la traverse haute et interrupteur sensitif encastr\u00e9 dans le montant gauche le meuble est mont\u00e9 en atelier Voici la joue du meuble \u00e0 rapport\u00e9 \u00e0 gauche et son passage de fil pour le bandeau led et l&rsquo;interrupteur<\/p>\n","protected":false},"author":1,"featured_media":0,"parent":0,"menu_order":0,"comment_status":"closed","ping_status":"closed","template":"","meta":[],"yoast_head":"<!-- This site is optimized with the Yoast SEO plugin v20.6 - https:\/\/yoast.com\/wordpress\/plugins\/seo\/ -->\n<title>Meubles et lumi\u00e8res - FC menuiserie meuble en bois et d\u00e9riv\u00e9<\/title>\n<meta name=\"description\" content=\"menuiserie bois \u00e9tabli \u00e0 trelou sur marne dans l&#039;aisne, proche de Dormans et de Chateau Thierry, fabricant de meubles sur mesures\" \/>\n<meta name=\"robots\" content=\"index, follow, max-snippet:-1, max-image-preview:large, max-video-preview:-1\" \/>\n<link rel=\"canonical\" href=\"https:\/\/fc-menuiserie.com\/index.php\/menuiserie-bois-fabricant-de-meubles-sur-mesure\/\" \/>\n<meta property=\"og:locale\" content=\"fr_FR\" \/>\n<meta property=\"og:type\" content=\"article\" \/>\n<meta property=\"og:title\" content=\"Meubles et lumi\u00e8res - FC menuiserie meuble en bois et d\u00e9riv\u00e9\" \/>\n<meta property=\"og:description\" content=\"menuiserie bois \u00e9tabli \u00e0 trelou sur marne dans l&#039;aisne, proche de Dormans et de Chateau Thierry, fabricant de meubles sur mesures\" \/>\n<meta property=\"og:url\" content=\"https:\/\/fc-menuiserie.com\/index.php\/menuiserie-bois-fabricant-de-meubles-sur-mesure\/\" \/>\n<meta property=\"og:site_name\" content=\"FC menuiserie\" \/>\n<meta property=\"article:modified_time\" content=\"2025-01-04T16:07:44+00:00\" \/>\n<meta property=\"og:image\" content=\"http:\/\/fc-menuiserie.com\/wp-content\/uploads\/2019\/04\/20190105_110901-e1554547461622-238x300.jpg\" \/>\n<meta name=\"twitter:card\" content=\"summary_large_image\" \/>\n<meta name=\"twitter:label1\" content=\"Dur\u00e9e de lecture estim\u00e9e\" \/>\n\t<meta name=\"twitter:data1\" content=\"3 minutes\" \/>\n<script type=\"application\/ld+json\" class=\"yoast-schema-graph\">{\"@context\":\"https:\/\/schema.org\",\"@graph\":[{\"@type\":\"WebPage\",\"@id\":\"https:\/\/fc-menuiserie.com\/index.php\/menuiserie-bois-fabricant-de-meubles-sur-mesure\/\",\"url\":\"https:\/\/fc-menuiserie.com\/index.php\/menuiserie-bois-fabricant-de-meubles-sur-mesure\/\",\"name\":\"Meubles et lumi\u00e8res - FC menuiserie meuble en bois et d\u00e9riv\u00e9\",\"isPartOf\":{\"@id\":\"https:\/\/fc-menuiserie.com\/#website\"},\"datePublished\":\"2019-04-06T15:12:25+00:00\",\"dateModified\":\"2025-01-04T16:07:44+00:00\",\"description\":\"menuiserie bois \u00e9tabli \u00e0 trelou sur marne dans l'aisne, proche de Dormans et de Chateau Thierry, fabricant de meubles sur mesures\",\"breadcrumb\":{\"@id\":\"https:\/\/fc-menuiserie.com\/index.php\/menuiserie-bois-fabricant-de-meubles-sur-mesure\/#breadcrumb\"},\"inLanguage\":\"fr-FR\",\"potentialAction\":[{\"@type\":\"ReadAction\",\"target\":[\"https:\/\/fc-menuiserie.com\/index.php\/menuiserie-bois-fabricant-de-meubles-sur-mesure\/\"]}]},{\"@type\":\"BreadcrumbList\",\"@id\":\"https:\/\/fc-menuiserie.com\/index.php\/menuiserie-bois-fabricant-de-meubles-sur-mesure\/#breadcrumb\",\"itemListElement\":[{\"@type\":\"ListItem\",\"position\":1,\"name\":\"Accueil\",\"item\":\"https:\/\/fc-menuiserie.com\/\"},{\"@type\":\"ListItem\",\"position\":2,\"name\":\"Meubles et lumi\u00e8res\"}]},{\"@type\":\"WebSite\",\"@id\":\"https:\/\/fc-menuiserie.com\/#website\",\"url\":\"https:\/\/fc-menuiserie.com\/\",\"name\":\"FC menuiserie\",\"description\":\"\",\"potentialAction\":[{\"@type\":\"SearchAction\",\"target\":{\"@type\":\"EntryPoint\",\"urlTemplate\":\"https:\/\/fc-menuiserie.com\/?s={search_term_string}\"},\"query-input\":\"required name=search_term_string\"}],\"inLanguage\":\"fr-FR\"}]}<\/script>\n<!-- \/ Yoast SEO plugin. -->","yoast_head_json":{"title":"Meubles et lumi\u00e8res - FC menuiserie meuble en bois et d\u00e9riv\u00e9","description":"menuiserie bois \u00e9tabli \u00e0 trelou sur marne dans l'aisne, proche de Dormans et de Chateau Thierry, fabricant de meubles sur mesures","robots":{"index":"index","follow":"follow","max-snippet":"max-snippet:-1","max-image-preview":"max-image-preview:large","max-video-preview":"max-video-preview:-1"},"canonical":"https:\/\/fc-menuiserie.com\/index.php\/menuiserie-bois-fabricant-de-meubles-sur-mesure\/","og_locale":"fr_FR","og_type":"article","og_title":"Meubles et lumi\u00e8res - FC menuiserie meuble en bois et d\u00e9riv\u00e9","og_description":"menuiserie bois \u00e9tabli \u00e0 trelou sur marne dans l'aisne, proche de Dormans et de Chateau Thierry, fabricant de meubles sur mesures","og_url":"https:\/\/fc-menuiserie.com\/index.php\/menuiserie-bois-fabricant-de-meubles-sur-mesure\/","og_site_name":"FC menuiserie","article_modified_time":"2025-01-04T16:07:44+00:00","og_image":[{"url":"http:\/\/fc-menuiserie.com\/wp-content\/uploads\/2019\/04\/20190105_110901-e1554547461622-238x300.jpg"}],"twitter_card":"summary_large_image","twitter_misc":{"Dur\u00e9e de lecture estim\u00e9e":"3 minutes"},"schema":{"@context":"https:\/\/schema.org","@graph":[{"@type":"WebPage","@id":"https:\/\/fc-menuiserie.com\/index.php\/menuiserie-bois-fabricant-de-meubles-sur-mesure\/","url":"https:\/\/fc-menuiserie.com\/index.php\/menuiserie-bois-fabricant-de-meubles-sur-mesure\/","name":"Meubles et lumi\u00e8res - FC menuiserie meuble en bois et d\u00e9riv\u00e9","isPartOf":{"@id":"https:\/\/fc-menuiserie.com\/#website"},"datePublished":"2019-04-06T15:12:25+00:00","dateModified":"2025-01-04T16:07:44+00:00","description":"menuiserie bois \u00e9tabli \u00e0 trelou sur marne dans l'aisne, proche de Dormans et de Chateau Thierry, fabricant de meubles sur mesures","breadcrumb":{"@id":"https:\/\/fc-menuiserie.com\/index.php\/menuiserie-bois-fabricant-de-meubles-sur-mesure\/#breadcrumb"},"inLanguage":"fr-FR","potentialAction":[{"@type":"ReadAction","target":["https:\/\/fc-menuiserie.com\/index.php\/menuiserie-bois-fabricant-de-meubles-sur-mesure\/"]}]},{"@type":"BreadcrumbList","@id":"https:\/\/fc-menuiserie.com\/index.php\/menuiserie-bois-fabricant-de-meubles-sur-mesure\/#breadcrumb","itemListElement":[{"@type":"ListItem","position":1,"name":"Accueil","item":"https:\/\/fc-menuiserie.com\/"},{"@type":"ListItem","position":2,"name":"Meubles et lumi\u00e8res"}]},{"@type":"WebSite","@id":"https:\/\/fc-menuiserie.com\/#website","url":"https:\/\/fc-menuiserie.com\/","name":"FC menuiserie","description":"","potentialAction":[{"@type":"SearchAction","target":{"@type":"EntryPoint","urlTemplate":"https:\/\/fc-menuiserie.com\/?s={search_term_string}"},"query-input":"required name=search_term_string"}],"inLanguage":"fr-FR"}]}},"_links":{"self":[{"href":"https:\/\/fc-menuiserie.com\/index.php\/wp-json\/wp\/v2\/pages\/1088"}],"collection":[{"href":"https:\/\/fc-menuiserie.com\/index.php\/wp-json\/wp\/v2\/pages"}],"about":[{"href":"https:\/\/fc-menuiserie.com\/index.php\/wp-json\/wp\/v2\/types\/page"}],"author":[{"embeddable":true,"href":"https:\/\/fc-menuiserie.com\/index.php\/wp-json\/wp\/v2\/users\/1"}],"replies":[{"embeddable":true,"href":"https:\/\/fc-menuiserie.com\/index.php\/wp-json\/wp\/v2\/comments?post=1088"}],"version-history":[{"count":14,"href":"https:\/\/fc-menuiserie.com\/index.php\/wp-json\/wp\/v2\/pages\/1088\/revisions"}],"predecessor-version":[{"id":1379,"href":"https:\/\/fc-menuiserie.com\/index.php\/wp-json\/wp\/v2\/pages\/1088\/revisions\/1379"}],"wp:attachment":[{"href":"https:\/\/fc-menuiserie.com\/index.php\/wp-json\/wp\/v2\/media?parent=1088"}],"curies":[{"name":"wp","href":"https:\/\/api.w.org\/{rel}","templated":true}]}}