{"id":16,"date":"2018-01-15T16:00:07","date_gmt":"2018-01-15T15:00:07","guid":{"rendered":"http:\/\/fc-menuiserie.com\/?page_id=16"},"modified":"2025-01-04T17:07:42","modified_gmt":"2025-01-04T16:07:42","slug":"accueil","status":"publish","type":"page","link":"https:\/\/fc-menuiserie.com\/","title":{"rendered":"Accueil"},"content":{"rendered":"<div id=\"pl-16\"  class=\"panel-layout\" ><div id=\"pg-16-0\"  class=\"panel-grid panel-no-style\" ><div id=\"pgc-16-0-0\"  class=\"panel-grid-cell panel-grid-cell-empty\" ><\/div><div id=\"pgc-16-0-1\"  class=\"panel-grid-cell\" ><div id=\"panel-16-0-1-0\" class=\"so-panel widget widget_sow-slider panel-first-child panel-last-child\" data-index=\"0\" ><div\n\t\t\t\n\t\t\tclass=\"so-widget-sow-slider so-widget-sow-slider-default-6d39609536fd-16\"\n\t\t\t\n\t\t>\t\t\t\t<div class=\"sow-slider-base\" style=\"display: none\" tabindex=\"0\">\n\t\t\t\t\t<ul\n\t\t\t\t\tclass=\"sow-slider-images\"\n\t\t\t\t\tdata-settings=\"{&quot;pagination&quot;:true,&quot;speed&quot;:800,&quot;timeout&quot;:3000,&quot;paused&quot;:false,&quot;pause_on_hover&quot;:false,&quot;swipe&quot;:true,&quot;nav_always_show_desktop&quot;:&quot;&quot;,&quot;nav_always_show_mobile&quot;:&quot;&quot;,&quot;breakpoint&quot;:&quot;780px&quot;,&quot;unmute&quot;:false,&quot;anchor&quot;:null}\"\n\t\t\t\t\t\t\t\t\t\tdata-anchor-id=\"\"\n\t\t\t\t>\t\t<li class=\"sow-slider-image\" style=\"visibility: visible;\" >\n\t\t\t\t\t\t<img width=\"2592\" height=\"1944\" src=\"https:\/\/fc-menuiserie.com\/wp-content\/uploads\/2018\/01\/20171109_162203.jpg\" class=\"sow-slider-background-image\" alt=\"\" loading=\"lazy\" style=\"\" srcset=\"https:\/\/fc-menuiserie.com\/wp-content\/uploads\/2018\/01\/20171109_162203.jpg 2592w, https:\/\/fc-menuiserie.com\/wp-content\/uploads\/2018\/01\/20171109_162203-600x450.jpg 600w, https:\/\/fc-menuiserie.com\/wp-content\/uploads\/2018\/01\/20171109_162203-300x225.jpg 300w, https:\/\/fc-menuiserie.com\/wp-content\/uploads\/2018\/01\/20171109_162203-768x576.jpg 768w, https:\/\/fc-menuiserie.com\/wp-content\/uploads\/2018\/01\/20171109_162203-1024x768.jpg 1024w\" sizes=\"(max-width: 2592px) 100vw, 2592px\" \/>\t\t<\/li>\n\t\t\t\t<li class=\"sow-slider-image\" style=\"visibility: hidden;\" >\n\t\t\t\t\t\t<img width=\"5152\" height=\"3864\" src=\"https:\/\/fc-menuiserie.com\/wp-content\/uploads\/2018\/01\/DSCN0074.jpg\" class=\"sow-slider-background-image\" alt=\"\" loading=\"lazy\" style=\"\" srcset=\"https:\/\/fc-menuiserie.com\/wp-content\/uploads\/2018\/01\/DSCN0074.jpg 5152w, https:\/\/fc-menuiserie.com\/wp-content\/uploads\/2018\/01\/DSCN0074-600x450.jpg 600w, https:\/\/fc-menuiserie.com\/wp-content\/uploads\/2018\/01\/DSCN0074-300x225.jpg 300w, https:\/\/fc-menuiserie.com\/wp-content\/uploads\/2018\/01\/DSCN0074-768x576.jpg 768w, https:\/\/fc-menuiserie.com\/wp-content\/uploads\/2018\/01\/DSCN0074-1024x768.jpg 1024w\" sizes=\"(max-width: 5152px) 100vw, 5152px\" \/>\t\t<\/li>\n\t\t\t\t<li class=\"sow-slider-image\" style=\"visibility: hidden;\" >\n\t\t\t\t\t\t<img width=\"1200\" height=\"952\" src=\"https:\/\/fc-menuiserie.com\/wp-content\/uploads\/2018\/01\/2014-10-02-01.13.37-e1517220768760.jpg\" class=\"sow-slider-background-image\" alt=\"\" loading=\"lazy\" style=\"\" srcset=\"https:\/\/fc-menuiserie.com\/wp-content\/uploads\/2018\/01\/2014-10-02-01.13.37-e1517220768760.jpg 1200w, https:\/\/fc-menuiserie.com\/wp-content\/uploads\/2018\/01\/2014-10-02-01.13.37-e1517220768760-600x476.jpg 600w, https:\/\/fc-menuiserie.com\/wp-content\/uploads\/2018\/01\/2014-10-02-01.13.37-e1517220768760-300x238.jpg 300w, https:\/\/fc-menuiserie.com\/wp-content\/uploads\/2018\/01\/2014-10-02-01.13.37-e1517220768760-768x609.jpg 768w, https:\/\/fc-menuiserie.com\/wp-content\/uploads\/2018\/01\/2014-10-02-01.13.37-e1517220768760-1024x812.jpg 1024w\" sizes=\"(max-width: 1200px) 100vw, 1200px\" \/>\t\t<\/li>\n\t\t\t\t<li class=\"sow-slider-image\" style=\"visibility: hidden;\" >\n\t\t\t\t\t\t<img width=\"1440\" height=\"2560\" src=\"https:\/\/fc-menuiserie.com\/wp-content\/uploads\/2022\/11\/porte-chene-et-frene-17-scaled.jpg\" class=\"sow-slider-background-image\" alt=\"\" loading=\"lazy\" style=\"\" srcset=\"https:\/\/fc-menuiserie.com\/wp-content\/uploads\/2022\/11\/porte-chene-et-frene-17-scaled.jpg 1440w, https:\/\/fc-menuiserie.com\/wp-content\/uploads\/2022\/11\/porte-chene-et-frene-17-169x300.jpg 169w, https:\/\/fc-menuiserie.com\/wp-content\/uploads\/2022\/11\/porte-chene-et-frene-17-576x1024.jpg 576w, https:\/\/fc-menuiserie.com\/wp-content\/uploads\/2022\/11\/porte-chene-et-frene-17-768x1365.jpg 768w, https:\/\/fc-menuiserie.com\/wp-content\/uploads\/2022\/11\/porte-chene-et-frene-17-864x1536.jpg 864w, https:\/\/fc-menuiserie.com\/wp-content\/uploads\/2022\/11\/porte-chene-et-frene-17-1152x2048.jpg 1152w\" sizes=\"(max-width: 1440px) 100vw, 1440px\" \/>\t\t<\/li>\n\t\t<\/ul>\t\t\t\t<ol class=\"sow-slider-pagination\">\n\t\t\t\t\t\t\t\t\t\t\t<li><a href=\"#\" data-goto=\"0\" aria-label=\"Display slide 1\"><\/a><\/li>\n\t\t\t\t\t\t\t\t\t\t\t<li><a href=\"#\" data-goto=\"1\" aria-label=\"Display slide 2\"><\/a><\/li>\n\t\t\t\t\t\t\t\t\t\t\t<li><a href=\"#\" data-goto=\"2\" aria-label=\"Display slide 3\"><\/a><\/li>\n\t\t\t\t\t\t\t\t\t\t\t<li><a href=\"#\" data-goto=\"3\" aria-label=\"Display slide 4\"><\/a><\/li>\n\t\t\t\t\t\t\t\t\t<\/ol>\n\n\t\t\t\t<div class=\"sow-slide-nav sow-slide-nav-next\">\n\t\t\t\t\t<a href=\"#\" data-goto=\"next\" aria-label=\"Next slide\" data-action=\"next\">\n\t\t\t\t\t\t<em class=\"sow-sld-icon-thin-right\"><\/em>\n\t\t\t\t\t<\/a>\n\t\t\t\t<\/div>\n\n\t\t\t\t<div class=\"sow-slide-nav sow-slide-nav-prev\">\n\t\t\t\t\t<a href=\"#\" data-goto=\"previous\" aria-label=\"Previous slide\" data-action=\"prev\">\n\t\t\t\t\t\t<em class=\"sow-sld-icon-thin-left\"><\/em>\n\t\t\t\t\t<\/a>\n\t\t\t\t<\/div>\n\t\t\t\t<\/div><\/div><\/div><\/div><\/div><div id=\"pg-16-1\"  class=\"panel-grid panel-no-style\" ><div id=\"pgc-16-1-0\"  class=\"panel-grid-cell\" ><div id=\"panel-16-1-0-0\" class=\"so-panel widget widget_sow-slider panel-first-child panel-last-child\" data-index=\"1\" ><div\n\t\t\t\n\t\t\tclass=\"so-widget-sow-slider so-widget-sow-slider-default-3a2621dbd0f6-16\"\n\t\t\t\n\t\t>\t\t\t\t<div class=\"sow-slider-base\" style=\"display: none\" tabindex=\"0\">\n\t\t\t\t\t<ul\n\t\t\t\t\tclass=\"sow-slider-images\"\n\t\t\t\t\tdata-settings=\"{&quot;pagination&quot;:true,&quot;speed&quot;:800,&quot;timeout&quot;:4000,&quot;paused&quot;:false,&quot;pause_on_hover&quot;:false,&quot;swipe&quot;:true,&quot;nav_always_show_desktop&quot;:&quot;&quot;,&quot;nav_always_show_mobile&quot;:&quot;&quot;,&quot;breakpoint&quot;:&quot;780px&quot;,&quot;unmute&quot;:false,&quot;anchor&quot;:null}\"\n\t\t\t\t\t\t\t\t\t\tdata-anchor-id=\"\"\n\t\t\t\t>\t\t<li class=\"sow-slider-image\" style=\"visibility: visible;\" >\n\t\t\t\t\t\t<img width=\"1944\" height=\"2592\" src=\"https:\/\/fc-menuiserie.com\/wp-content\/uploads\/2018\/01\/20170318_231559-e1516704031977.jpg\" class=\"sow-slider-background-image\" alt=\"\" loading=\"lazy\" style=\"\" srcset=\"https:\/\/fc-menuiserie.com\/wp-content\/uploads\/2018\/01\/20170318_231559-e1516704031977.jpg 1944w, https:\/\/fc-menuiserie.com\/wp-content\/uploads\/2018\/01\/20170318_231559-e1516704031977-600x800.jpg 600w, https:\/\/fc-menuiserie.com\/wp-content\/uploads\/2018\/01\/20170318_231559-e1516704031977-225x300.jpg 225w, https:\/\/fc-menuiserie.com\/wp-content\/uploads\/2018\/01\/20170318_231559-e1516704031977-768x1024.jpg 768w\" sizes=\"(max-width: 1944px) 100vw, 1944px\" \/>\t\t<\/li>\n\t\t\t\t<li class=\"sow-slider-image\" style=\"visibility: hidden;\" >\n\t\t\t\t\t\t<img width=\"1944\" height=\"2592\" src=\"https:\/\/fc-menuiserie.com\/wp-content\/uploads\/2018\/01\/20170801_195338-e1516704110684.jpg\" class=\"sow-slider-background-image\" alt=\"\" loading=\"lazy\" style=\"\" srcset=\"https:\/\/fc-menuiserie.com\/wp-content\/uploads\/2018\/01\/20170801_195338-e1516704110684.jpg 1944w, https:\/\/fc-menuiserie.com\/wp-content\/uploads\/2018\/01\/20170801_195338-e1516704110684-600x800.jpg 600w, https:\/\/fc-menuiserie.com\/wp-content\/uploads\/2018\/01\/20170801_195338-e1516704110684-225x300.jpg 225w, https:\/\/fc-menuiserie.com\/wp-content\/uploads\/2018\/01\/20170801_195338-e1516704110684-768x1024.jpg 768w\" sizes=\"(max-width: 1944px) 100vw, 1944px\" \/>\t\t<\/li>\n\t\t\t\t<li class=\"sow-slider-image\" style=\"visibility: hidden;\" >\n\t\t\t\t\t\t<img width=\"3456\" height=\"4608\" src=\"https:\/\/fc-menuiserie.com\/wp-content\/uploads\/2018\/01\/P1140769.jpg\" class=\"sow-slider-background-image\" alt=\"\" loading=\"lazy\" style=\"\" srcset=\"https:\/\/fc-menuiserie.com\/wp-content\/uploads\/2018\/01\/P1140769.jpg 3456w, https:\/\/fc-menuiserie.com\/wp-content\/uploads\/2018\/01\/P1140769-600x800.jpg 600w, https:\/\/fc-menuiserie.com\/wp-content\/uploads\/2018\/01\/P1140769-225x300.jpg 225w, https:\/\/fc-menuiserie.com\/wp-content\/uploads\/2018\/01\/P1140769-768x1024.jpg 768w\" sizes=\"(max-width: 3456px) 100vw, 3456px\" \/>\t\t<\/li>\n\t\t\t\t<li class=\"sow-slider-image\" style=\"visibility: hidden;\" >\n\t\t\t\t\t\t<img width=\"2060\" height=\"1138\" src=\"https:\/\/fc-menuiserie.com\/wp-content\/uploads\/2021\/10\/facade-sous-escalier-1-scaled-e1667314863500.jpg\" class=\"sow-slider-background-image\" alt=\"\" loading=\"lazy\" style=\"\" srcset=\"https:\/\/fc-menuiserie.com\/wp-content\/uploads\/2021\/10\/facade-sous-escalier-1-scaled-e1667314863500.jpg 2060w, https:\/\/fc-menuiserie.com\/wp-content\/uploads\/2021\/10\/facade-sous-escalier-1-scaled-e1667314863500-300x166.jpg 300w, https:\/\/fc-menuiserie.com\/wp-content\/uploads\/2021\/10\/facade-sous-escalier-1-scaled-e1667314863500-1024x566.jpg 1024w, https:\/\/fc-menuiserie.com\/wp-content\/uploads\/2021\/10\/facade-sous-escalier-1-scaled-e1667314863500-768x424.jpg 768w, https:\/\/fc-menuiserie.com\/wp-content\/uploads\/2021\/10\/facade-sous-escalier-1-scaled-e1667314863500-1536x849.jpg 1536w, https:\/\/fc-menuiserie.com\/wp-content\/uploads\/2021\/10\/facade-sous-escalier-1-scaled-e1667314863500-2048x1131.jpg 2048w\" sizes=\"(max-width: 2060px) 100vw, 2060px\" \/>\t\t<\/li>\n\t\t<\/ul>\t\t\t\t<ol class=\"sow-slider-pagination\">\n\t\t\t\t\t\t\t\t\t\t\t<li><a href=\"#\" data-goto=\"0\" aria-label=\"Display slide 1\"><\/a><\/li>\n\t\t\t\t\t\t\t\t\t\t\t<li><a href=\"#\" data-goto=\"1\" aria-label=\"Display slide 2\"><\/a><\/li>\n\t\t\t\t\t\t\t\t\t\t\t<li><a href=\"#\" data-goto=\"2\" aria-label=\"Display slide 3\"><\/a><\/li>\n\t\t\t\t\t\t\t\t\t\t\t<li><a href=\"#\" data-goto=\"3\" aria-label=\"Display slide 4\"><\/a><\/li>\n\t\t\t\t\t\t\t\t\t<\/ol>\n\n\t\t\t\t<div class=\"sow-slide-nav sow-slide-nav-next\">\n\t\t\t\t\t<a href=\"#\" data-goto=\"next\" aria-label=\"Next slide\" data-action=\"next\">\n\t\t\t\t\t\t<em class=\"sow-sld-icon-thin-right\"><\/em>\n\t\t\t\t\t<\/a>\n\t\t\t\t<\/div>\n\n\t\t\t\t<div class=\"sow-slide-nav sow-slide-nav-prev\">\n\t\t\t\t\t<a href=\"#\" data-goto=\"previous\" aria-label=\"Previous slide\" data-action=\"prev\">\n\t\t\t\t\t\t<em class=\"sow-sld-icon-thin-left\"><\/em>\n\t\t\t\t\t<\/a>\n\t\t\t\t<\/div>\n\t\t\t\t<\/div><\/div><\/div><\/div><div id=\"pgc-16-1-1\"  class=\"panel-grid-cell\" ><div id=\"panel-16-1-1-0\" class=\"so-panel widget widget_calendar panel-first-child panel-last-child\" data-index=\"2\" ><div id=\"calendar_wrap\" class=\"calendar_wrap\"><\/div><\/div><\/div><\/div><\/div>","protected":false},"excerpt":{"rendered":"","protected":false},"author":1,"featured_media":0,"parent":0,"menu_order":0,"comment_status":"closed","ping_status":"closed","template":"","meta":[],"yoast_head":"<!-- This site is optimized with the Yoast SEO plugin v20.6 - https:\/\/yoast.com\/wordpress\/plugins\/seo\/ -->\n<title>FC-Menuiserie dressing sur mesure,salle de bain, cuisine<\/title>\n<meta name=\"description\" content=\"FC Menuiserie, fabricant de meuble sur mesure situ\u00e9 \u00e0 Tr\u00e9lou sur Marne peut intervenir \u00e0 Ch\u00e2teaux -Thierry, Epernay et Reims .Pose de parquets en bois massif ou flottant.\" \/>\n<meta name=\"robots\" content=\"index, follow, max-snippet:-1, max-image-preview:large, max-video-preview:-1\" \/>\n<link rel=\"canonical\" href=\"https:\/\/fc-menuiserie.com\/\" \/>\n<meta property=\"og:locale\" content=\"fr_FR\" \/>\n<meta property=\"og:type\" content=\"article\" \/>\n<meta property=\"og:title\" content=\"FC-Menuiserie dressing sur mesure,salle de bain, cuisine\" \/>\n<meta property=\"og:description\" content=\"FC Menuiserie, fabricant de meuble sur mesure situ\u00e9 \u00e0 Tr\u00e9lou sur Marne peut intervenir \u00e0 Ch\u00e2teaux -Thierry, Epernay et Reims .Pose de parquets en bois massif ou flottant.\" \/>\n<meta property=\"og:url\" content=\"https:\/\/fc-menuiserie.com\/\" \/>\n<meta property=\"og:site_name\" content=\"FC menuiserie\" \/>\n<meta property=\"article:modified_time\" content=\"2025-01-04T16:07:42+00:00\" \/>\n<meta name=\"twitter:card\" content=\"summary_large_image\" \/>\n<meta name=\"twitter:label1\" content=\"Dur\u00e9e de lecture estim\u00e9e\" \/>\n\t<meta name=\"twitter:data1\" content=\"1 minute\" \/>\n<script type=\"application\/ld+json\" class=\"yoast-schema-graph\">{\"@context\":\"https:\/\/schema.org\",\"@graph\":[{\"@type\":\"WebPage\",\"@id\":\"https:\/\/fc-menuiserie.com\/\",\"url\":\"https:\/\/fc-menuiserie.com\/\",\"name\":\"FC-Menuiserie dressing sur mesure,salle de bain, cuisine\",\"isPartOf\":{\"@id\":\"https:\/\/fc-menuiserie.com\/#website\"},\"datePublished\":\"2018-01-15T15:00:07+00:00\",\"dateModified\":\"2025-01-04T16:07:42+00:00\",\"description\":\"FC Menuiserie, fabricant de meuble sur mesure situ\u00e9 \u00e0 Tr\u00e9lou sur Marne peut intervenir \u00e0 Ch\u00e2teaux -Thierry, Epernay et Reims .Pose de parquets en bois massif ou flottant.\",\"breadcrumb\":{\"@id\":\"https:\/\/fc-menuiserie.com\/#breadcrumb\"},\"inLanguage\":\"fr-FR\",\"potentialAction\":[{\"@type\":\"ReadAction\",\"target\":[\"https:\/\/fc-menuiserie.com\/\"]}]},{\"@type\":\"BreadcrumbList\",\"@id\":\"https:\/\/fc-menuiserie.com\/#breadcrumb\",\"itemListElement\":[{\"@type\":\"ListItem\",\"position\":1,\"name\":\"Accueil\",\"item\":\"https:\/\/fc-menuiserie.com\/\"},{\"@type\":\"ListItem\",\"position\":2,\"name\":\"Accueil\"}]},{\"@type\":\"WebSite\",\"@id\":\"https:\/\/fc-menuiserie.com\/#website\",\"url\":\"https:\/\/fc-menuiserie.com\/\",\"name\":\"FC menuiserie\",\"description\":\"\",\"potentialAction\":[{\"@type\":\"SearchAction\",\"target\":{\"@type\":\"EntryPoint\",\"urlTemplate\":\"https:\/\/fc-menuiserie.com\/?s={search_term_string}\"},\"query-input\":\"required name=search_term_string\"}],\"inLanguage\":\"fr-FR\"}]}<\/script>\n<!-- \/ Yoast SEO plugin. -->","yoast_head_json":{"title":"FC-Menuiserie dressing sur mesure,salle de bain, cuisine","description":"FC Menuiserie, fabricant de meuble sur mesure situ\u00e9 \u00e0 Tr\u00e9lou sur Marne peut intervenir \u00e0 Ch\u00e2teaux -Thierry, Epernay et Reims .Pose de parquets en bois massif ou flottant.","robots":{"index":"index","follow":"follow","max-snippet":"max-snippet:-1","max-image-preview":"max-image-preview:large","max-video-preview":"max-video-preview:-1"},"canonical":"https:\/\/fc-menuiserie.com\/","og_locale":"fr_FR","og_type":"article","og_title":"FC-Menuiserie dressing sur mesure,salle de bain, cuisine","og_description":"FC Menuiserie, fabricant de meuble sur mesure situ\u00e9 \u00e0 Tr\u00e9lou sur Marne peut intervenir \u00e0 Ch\u00e2teaux -Thierry, Epernay et Reims .Pose de parquets en bois massif ou flottant.","og_url":"https:\/\/fc-menuiserie.com\/","og_site_name":"FC menuiserie","article_modified_time":"2025-01-04T16:07:42+00:00","twitter_card":"summary_large_image","twitter_misc":{"Dur\u00e9e de lecture estim\u00e9e":"1 minute"},"schema":{"@context":"https:\/\/schema.org","@graph":[{"@type":"WebPage","@id":"https:\/\/fc-menuiserie.com\/","url":"https:\/\/fc-menuiserie.com\/","name":"FC-Menuiserie dressing sur mesure,salle de bain, cuisine","isPartOf":{"@id":"https:\/\/fc-menuiserie.com\/#website"},"datePublished":"2018-01-15T15:00:07+00:00","dateModified":"2025-01-04T16:07:42+00:00","description":"FC Menuiserie, fabricant de meuble sur mesure situ\u00e9 \u00e0 Tr\u00e9lou sur Marne peut intervenir \u00e0 Ch\u00e2teaux -Thierry, Epernay et Reims .Pose de parquets en bois massif ou flottant.","breadcrumb":{"@id":"https:\/\/fc-menuiserie.com\/#breadcrumb"},"inLanguage":"fr-FR","potentialAction":[{"@type":"ReadAction","target":["https:\/\/fc-menuiserie.com\/"]}]},{"@type":"BreadcrumbList","@id":"https:\/\/fc-menuiserie.com\/#breadcrumb","itemListElement":[{"@type":"ListItem","position":1,"name":"Accueil","item":"https:\/\/fc-menuiserie.com\/"},{"@type":"ListItem","position":2,"name":"Accueil"}]},{"@type":"WebSite","@id":"https:\/\/fc-menuiserie.com\/#website","url":"https:\/\/fc-menuiserie.com\/","name":"FC menuiserie","description":"","potentialAction":[{"@type":"SearchAction","target":{"@type":"EntryPoint","urlTemplate":"https:\/\/fc-menuiserie.com\/?s={search_term_string}"},"query-input":"required name=search_term_string"}],"inLanguage":"fr-FR"}]}},"_links":{"self":[{"href":"https:\/\/fc-menuiserie.com\/index.php\/wp-json\/wp\/v2\/pages\/16"}],"collection":[{"href":"https:\/\/fc-menuiserie.com\/index.php\/wp-json\/wp\/v2\/pages"}],"about":[{"href":"https:\/\/fc-menuiserie.com\/index.php\/wp-json\/wp\/v2\/types\/page"}],"author":[{"embeddable":true,"href":"https:\/\/fc-menuiserie.com\/index.php\/wp-json\/wp\/v2\/users\/1"}],"replies":[{"embeddable":true,"href":"https:\/\/fc-menuiserie.com\/index.php\/wp-json\/wp\/v2\/comments?post=16"}],"version-history":[{"count":56,"href":"https:\/\/fc-menuiserie.com\/index.php\/wp-json\/wp\/v2\/pages\/16\/revisions"}],"predecessor-version":[{"id":1398,"href":"https:\/\/fc-menuiserie.com\/index.php\/wp-json\/wp\/v2\/pages\/16\/revisions\/1398"}],"wp:attachment":[{"href":"https:\/\/fc-menuiserie.com\/index.php\/wp-json\/wp\/v2\/media?parent=16"}],"curies":[{"name":"wp","href":"https:\/\/api.w.org\/{rel}","templated":true}]}}