{"id":54,"date":"2018-01-15T16:35:56","date_gmt":"2018-01-15T15:35:56","guid":{"rendered":"http:\/\/fc-menuiserie.com\/?page_id=54"},"modified":"2025-01-04T17:07:43","modified_gmt":"2025-01-04T16:07:43","slug":"dressing-cuisine-salle-de-bain","status":"publish","type":"page","link":"https:\/\/fc-menuiserie.com\/index.php\/dressing-cuisine-salle-de-bain\/","title":{"rendered":"Dressing"},"content":{"rendered":"<div id=\"pl-54\"  class=\"panel-layout\" ><div id=\"pg-54-0\"  class=\"panel-grid panel-no-style\" ><div id=\"pgc-54-0-0\"  class=\"panel-grid-cell\" ><div id=\"panel-54-0-0-0\" class=\"so-panel widget widget_sow-editor panel-first-child panel-last-child\" data-index=\"0\" ><div\n\t\t\t\n\t\t\tclass=\"so-widget-sow-editor so-widget-sow-editor-base\"\n\t\t\t\n\t\t><h3 class=\"widget-title\">Dressing sur mesure en panneaux m\u00e9lamin\u00e9. <\/h3>\n<div class=\"siteorigin-widget-tinymce textwidget\">\n\t<p><span style=\"color: #3366ff;\"><strong><span style=\"font-family: 'Dancing Script'; font-size: 28px;\">Tous les meubles sont fait sur mesure en <a href=\"https:\/\/fr.wikipedia.org\/wiki\/M%C3%A9lamin%C3%A9\">panneaux m\u00e9lamin\u00e9<\/a> ou en bois massif ,la couleur est choisie par le client gr\u00e2ce aux nuanciers propos\u00e9s par FC Menuiserie .L'int\u00e9rieur est agen\u00e7able selon le go\u00fbt du client: tiroirs ,penderies ,\u00e9tag\u00e8res portes coulissantes ,miroirs ,etc....<\/span><\/strong><\/span><\/p>\n<\/div>\n<\/div><\/div><\/div><\/div><div id=\"pg-54-1\"  class=\"panel-grid panel-has-style\" ><div class=\"siteorigin-panels-stretch panel-row-style panel-row-style-for-54-1\" data-stretch-type=\"full\" ><div id=\"pgc-54-1-0\"  class=\"panel-grid-cell\" ><div id=\"panel-54-1-0-0\" class=\"so-panel widget widget_sow-editor panel-first-child\" data-index=\"1\" ><div\n\t\t\t\n\t\t\tclass=\"so-widget-sow-editor so-widget-sow-editor-base\"\n\t\t\t\n\t\t>\n<div class=\"siteorigin-widget-tinymce textwidget\">\n\t<p style=\"text-align: center;\"><span style=\"font-size: 28px; color: #000000;\"><em><strong><span style=\"font-family: 'Dancing Script';\">Le socle est pos\u00e9 de niveaux<\/span><\/strong><\/em><\/span><\/p>\n<\/div>\n<\/div><\/div><div id=\"panel-54-1-0-1\" class=\"so-panel widget widget_text panel-last-child\" data-index=\"2\" >\t\t\t<div class=\"textwidget\"><p><a href=\"http:\/\/fc-menuiserie.com\/wp-content\/uploads\/2018\/01\/20170331_181925-e1516704236667.jpg\"><img loading=\"lazy\" class=\"alignnone wp-image-104 size-medium\" src=\"http:\/\/fc-menuiserie.com\/wp-content\/uploads\/2018\/01\/20170331_181925-e1516704236667-225x300.jpg\" alt=\"dressing-sur-mesure-panneaux-melamine-chateau-thierry\" width=\"225\" height=\"300\" srcset=\"https:\/\/fc-menuiserie.com\/wp-content\/uploads\/2018\/01\/20170331_181925-e1516704236667-225x300.jpg 225w, https:\/\/fc-menuiserie.com\/wp-content\/uploads\/2018\/01\/20170331_181925-e1516704236667-600x800.jpg 600w, https:\/\/fc-menuiserie.com\/wp-content\/uploads\/2018\/01\/20170331_181925-e1516704236667-768x1024.jpg 768w, https:\/\/fc-menuiserie.com\/wp-content\/uploads\/2018\/01\/20170331_181925-e1516704236667.jpg 1944w\" sizes=\"(max-width: 225px) 100vw, 225px\" \/><\/a><\/p>\n<\/div>\n\t\t<\/div><\/div><div id=\"pgc-54-1-1\"  class=\"panel-grid-cell\" ><div id=\"panel-54-1-1-0\" class=\"so-panel widget widget_sow-editor panel-first-child\" data-index=\"3\" ><div\n\t\t\t\n\t\t\tclass=\"so-widget-sow-editor so-widget-sow-editor-base\"\n\t\t\t\n\t\t>\n<div class=\"siteorigin-widget-tinymce textwidget\">\n\t<p><span style=\"color: #000000; font-size: 28px;\"><em><strong><span style=\"font-family: 'Dancing Script';\">Les caisses en <a href=\"https:\/\/fr.wikipedia.org\/wiki\/M%C3%A9lamin%C3%A9\" style=\"color: #000000;\">m\u00e9lamin\u00e9<\/a>, faites sur mesure, sont mises en place sur le socle<\/span><\/strong><\/em><\/span><\/p>\n<\/div>\n<\/div><\/div><div id=\"panel-54-1-1-1\" class=\"so-panel widget widget_text panel-last-child\" data-index=\"4\" >\t\t\t<div class=\"textwidget\"><p><a href=\"http:\/\/fc-menuiserie.com\/wp-content\/uploads\/2018\/01\/20170401_181042-e1516704053142.jpg\"><img loading=\"lazy\" class=\"alignnone wp-image-155 size-medium\" src=\"http:\/\/fc-menuiserie.com\/wp-content\/uploads\/2018\/01\/20170401_181042-e1516704053142-225x300.jpg\" alt=\"dressing-sur-mesure-panneaux-melamine-epernay\" width=\"225\" height=\"300\" srcset=\"https:\/\/fc-menuiserie.com\/wp-content\/uploads\/2018\/01\/20170401_181042-e1516704053142-225x300.jpg 225w, https:\/\/fc-menuiserie.com\/wp-content\/uploads\/2018\/01\/20170401_181042-e1516704053142-600x800.jpg 600w, https:\/\/fc-menuiserie.com\/wp-content\/uploads\/2018\/01\/20170401_181042-e1516704053142-768x1024.jpg 768w, https:\/\/fc-menuiserie.com\/wp-content\/uploads\/2018\/01\/20170401_181042-e1516704053142.jpg 1944w\" sizes=\"(max-width: 225px) 100vw, 225px\" \/><\/a><\/p>\n<\/div>\n\t\t<\/div><\/div><div id=\"pgc-54-1-2\"  class=\"panel-grid-cell\" ><div id=\"panel-54-1-2-0\" class=\"so-panel widget widget_sow-editor panel-first-child\" data-index=\"5\" ><div\n\t\t\t\n\t\t\tclass=\"so-widget-sow-editor so-widget-sow-editor-base\"\n\t\t\t\n\t\t>\n<div class=\"siteorigin-widget-tinymce textwidget\">\n\t<p><span style=\"color: #000000; font-size: 28px;\"><em><strong><span style=\"font-family: 'Dancing Script';\">Pose des portes et finition du meuble<\/span><\/strong><\/em><\/span><\/p>\n<\/div>\n<\/div><\/div><div id=\"panel-54-1-2-1\" class=\"so-panel widget widget_text panel-last-child\" data-index=\"6\" >\t\t\t<div class=\"textwidget\"><p><a href=\"http:\/\/fc-menuiserie.com\/wp-content\/uploads\/2018\/01\/20170401_220648-e1516703969899.jpg\"><img loading=\"lazy\" class=\"alignnone wp-image-154 size-medium\" src=\"http:\/\/fc-menuiserie.com\/wp-content\/uploads\/2018\/01\/20170401_220648-e1516703969899-225x300.jpg\" alt=\"dressing-sur-mesure-panneaux-melamine-reims\" width=\"225\" height=\"300\" srcset=\"https:\/\/fc-menuiserie.com\/wp-content\/uploads\/2018\/01\/20170401_220648-e1516703969899-225x300.jpg 225w, https:\/\/fc-menuiserie.com\/wp-content\/uploads\/2018\/01\/20170401_220648-e1516703969899-600x800.jpg 600w, https:\/\/fc-menuiserie.com\/wp-content\/uploads\/2018\/01\/20170401_220648-e1516703969899-768x1024.jpg 768w, https:\/\/fc-menuiserie.com\/wp-content\/uploads\/2018\/01\/20170401_220648-e1516703969899.jpg 1944w\" sizes=\"(max-width: 225px) 100vw, 225px\" \/><\/a><\/p>\n<\/div>\n\t\t<\/div><\/div><\/div><\/div><div id=\"pg-54-2\"  class=\"panel-grid panel-no-style\" ><div id=\"pgc-54-2-0\"  class=\"panel-grid-cell\" ><div id=\"panel-54-2-0-0\" class=\"so-panel widget widget_sow-editor panel-first-child panel-last-child\" data-index=\"7\" ><div\n\t\t\t\n\t\t\tclass=\"so-widget-sow-editor so-widget-sow-editor-base\"\n\t\t\t\n\t\t>\n<div class=\"siteorigin-widget-tinymce textwidget\">\n\t<p><span style=\"font-family: 'Dancing Script'; font-size: 28px; color: #000000;\"><em><strong>Le meuble ci-dessous est encastr\u00e9 dans une niche, il est compos\u00e9 d'une penderie et de tablettes. les portes sont coulissante<\/strong><\/em>s.\u00a0<\/span><\/p>\n<\/div>\n<\/div><\/div><\/div><\/div><div id=\"pg-54-3\"  class=\"panel-grid panel-has-style\" ><div class=\"siteorigin-panels-stretch panel-row-style panel-row-style-for-54-3\" data-stretch-type=\"full\" ><div id=\"pgc-54-3-0\"  class=\"panel-grid-cell\" ><div id=\"panel-54-3-0-0\" class=\"so-panel widget widget_text panel-first-child panel-last-child\" data-index=\"8\" >\t\t\t<div class=\"textwidget\"><p><a href=\"http:\/\/fc-menuiserie.com\/wp-content\/uploads\/2018\/01\/20170801_195424-e1516704073331.jpg\"><img loading=\"lazy\" class=\"alignnone wp-image-153 size-medium\" src=\"http:\/\/fc-menuiserie.com\/wp-content\/uploads\/2018\/01\/20170801_195424-e1516704073331-225x300.jpg\" alt=\"dressing-sur-mesure-panneaux-melamine-dormans\" width=\"225\" height=\"300\" srcset=\"https:\/\/fc-menuiserie.com\/wp-content\/uploads\/2018\/01\/20170801_195424-e1516704073331-225x300.jpg 225w, https:\/\/fc-menuiserie.com\/wp-content\/uploads\/2018\/01\/20170801_195424-e1516704073331-600x800.jpg 600w, https:\/\/fc-menuiserie.com\/wp-content\/uploads\/2018\/01\/20170801_195424-e1516704073331-768x1024.jpg 768w, https:\/\/fc-menuiserie.com\/wp-content\/uploads\/2018\/01\/20170801_195424-e1516704073331.jpg 1944w\" sizes=\"(max-width: 225px) 100vw, 225px\" \/><\/a><\/p>\n<\/div>\n\t\t<\/div><\/div><div id=\"pgc-54-3-1\"  class=\"panel-grid-cell\" ><div id=\"panel-54-3-1-0\" class=\"so-panel widget widget_text panel-first-child panel-last-child\" data-index=\"9\" >\t\t\t<div class=\"textwidget\"><p><a href=\"http:\/\/fc-menuiserie.com\/wp-content\/uploads\/2018\/01\/20170801_195407-e1516704090563.jpg\"><img loading=\"lazy\" class=\"alignnone wp-image-152 size-medium\" src=\"http:\/\/fc-menuiserie.com\/wp-content\/uploads\/2018\/01\/20170801_195407-e1516704090563-225x300.jpg\" alt=\"dressing-sur-mesure-panneaux-melamine-chateaux-thierry\" width=\"225\" height=\"300\" srcset=\"https:\/\/fc-menuiserie.com\/wp-content\/uploads\/2018\/01\/20170801_195407-e1516704090563-225x300.jpg 225w, https:\/\/fc-menuiserie.com\/wp-content\/uploads\/2018\/01\/20170801_195407-e1516704090563-600x800.jpg 600w, https:\/\/fc-menuiserie.com\/wp-content\/uploads\/2018\/01\/20170801_195407-e1516704090563-768x1024.jpg 768w, https:\/\/fc-menuiserie.com\/wp-content\/uploads\/2018\/01\/20170801_195407-e1516704090563.jpg 1944w\" sizes=\"(max-width: 225px) 100vw, 225px\" \/><\/a><\/p>\n<\/div>\n\t\t<\/div><\/div><div id=\"pgc-54-3-2\"  class=\"panel-grid-cell\" ><div id=\"panel-54-3-2-0\" class=\"so-panel widget widget_text panel-first-child panel-last-child\" data-index=\"10\" >\t\t\t<div class=\"textwidget\"><p><a href=\"http:\/\/fc-menuiserie.com\/wp-content\/uploads\/2018\/01\/20170801_195338-e1516704110684.jpg\"><img loading=\"lazy\" class=\"alignnone wp-image-151 size-medium\" src=\"http:\/\/fc-menuiserie.com\/wp-content\/uploads\/2018\/01\/20170801_195338-e1516704110684-225x300.jpg\" alt=\"dressing-sur-mesure-porte-coulissante-panneaux-melamine-reims\" width=\"225\" height=\"300\" srcset=\"https:\/\/fc-menuiserie.com\/wp-content\/uploads\/2018\/01\/20170801_195338-e1516704110684-225x300.jpg 225w, https:\/\/fc-menuiserie.com\/wp-content\/uploads\/2018\/01\/20170801_195338-e1516704110684-600x800.jpg 600w, https:\/\/fc-menuiserie.com\/wp-content\/uploads\/2018\/01\/20170801_195338-e1516704110684-768x1024.jpg 768w, https:\/\/fc-menuiserie.com\/wp-content\/uploads\/2018\/01\/20170801_195338-e1516704110684.jpg 1944w\" sizes=\"(max-width: 225px) 100vw, 225px\" \/><\/a><\/p>\n<\/div>\n\t\t<\/div><\/div><\/div><\/div><div id=\"pg-54-4\"  class=\"panel-grid panel-no-style\" ><div id=\"pgc-54-4-0\"  class=\"panel-grid-cell\" ><div id=\"panel-54-4-0-0\" class=\"so-panel widget widget_sow-editor panel-first-child panel-last-child\" data-index=\"11\" ><div\n\t\t\t\n\t\t\tclass=\"so-widget-sow-editor so-widget-sow-editor-base\"\n\t\t\t\n\t\t>\n<div class=\"siteorigin-widget-tinymce textwidget\">\n\t<p><span style=\"color: #000000; font-size: 28px;\"><em><strong><span style=\"font-family: 'Dancing Script';\">Dressing encastr\u00e9 dans une niche avec trois portes coulissantes, tablettes et deux penderies<\/span><\/strong><\/em><\/span><\/p>\n<\/div>\n<\/div><\/div><\/div><\/div><div id=\"pg-54-5\"  class=\"panel-grid panel-no-style\" ><div id=\"pgc-54-5-0\"  class=\"panel-grid-cell\" ><div id=\"panel-54-5-0-0\" class=\"so-panel widget widget_text panel-first-child panel-last-child\" data-index=\"12\" >\t\t\t<div class=\"textwidget\"><p><a href=\"http:\/\/fc-menuiserie.com\/wp-content\/uploads\/2018\/03\/20180222_123814.jpg\"><img loading=\"lazy\" class=\"alignnone wp-image-647 size-medium\" src=\"http:\/\/fc-menuiserie.com\/wp-content\/uploads\/2018\/03\/20180222_123814-300x225.jpg\" alt=\"dressing-sur-mesure-porte-coulissante-panneaux-melamine-epernay\" width=\"300\" height=\"225\" srcset=\"https:\/\/fc-menuiserie.com\/wp-content\/uploads\/2018\/03\/20180222_123814-300x225.jpg 300w, https:\/\/fc-menuiserie.com\/wp-content\/uploads\/2018\/03\/20180222_123814-768x576.jpg 768w, https:\/\/fc-menuiserie.com\/wp-content\/uploads\/2018\/03\/20180222_123814-1024x768.jpg 1024w, https:\/\/fc-menuiserie.com\/wp-content\/uploads\/2018\/03\/20180222_123814-600x450.jpg 600w\" sizes=\"(max-width: 300px) 100vw, 300px\" \/><\/a><\/p>\n<\/div>\n\t\t<\/div><\/div><div id=\"pgc-54-5-1\"  class=\"panel-grid-cell\" ><div id=\"panel-54-5-1-0\" class=\"so-panel widget widget_text panel-first-child panel-last-child\" data-index=\"13\" >\t\t\t<div class=\"textwidget\"><p><a href=\"http:\/\/fc-menuiserie.com\/wp-content\/uploads\/2018\/03\/20180222_181911.jpg\"><img loading=\"lazy\" class=\"alignnone wp-image-648 size-medium\" src=\"http:\/\/fc-menuiserie.com\/wp-content\/uploads\/2018\/03\/20180222_181911-300x225.jpg\" alt=\"dressing-sur-mesure-porte-coulissante-panneaux-melamine-dormans\" width=\"300\" height=\"225\" srcset=\"https:\/\/fc-menuiserie.com\/wp-content\/uploads\/2018\/03\/20180222_181911-300x225.jpg 300w, https:\/\/fc-menuiserie.com\/wp-content\/uploads\/2018\/03\/20180222_181911-768x576.jpg 768w, https:\/\/fc-menuiserie.com\/wp-content\/uploads\/2018\/03\/20180222_181911-1024x768.jpg 1024w, https:\/\/fc-menuiserie.com\/wp-content\/uploads\/2018\/03\/20180222_181911-600x450.jpg 600w\" sizes=\"(max-width: 300px) 100vw, 300px\" \/><\/a><\/p>\n<\/div>\n\t\t<\/div><\/div><div id=\"pgc-54-5-2\"  class=\"panel-grid-cell\" ><div id=\"panel-54-5-2-0\" class=\"so-panel widget widget_text panel-first-child panel-last-child\" data-index=\"14\" >\t\t\t<div class=\"textwidget\"><p><a href=\"http:\/\/fc-menuiserie.com\/wp-content\/uploads\/2018\/03\/20180223_162126-e1522831288532.jpg\"><img loading=\"lazy\" class=\"alignnone wp-image-642 size-medium\" src=\"http:\/\/fc-menuiserie.com\/wp-content\/uploads\/2018\/03\/20180223_162126-e1522831288532-245x300.jpg\" alt=\"dressing-sur-mesure-porte-coulissante-panneaux-melamine-chateau-thierry\" width=\"245\" height=\"300\" srcset=\"https:\/\/fc-menuiserie.com\/wp-content\/uploads\/2018\/03\/20180223_162126-e1522831288532-245x300.jpg 245w, https:\/\/fc-menuiserie.com\/wp-content\/uploads\/2018\/03\/20180223_162126-e1522831288532-768x939.jpg 768w, https:\/\/fc-menuiserie.com\/wp-content\/uploads\/2018\/03\/20180223_162126-e1522831288532-837x1024.jpg 837w, https:\/\/fc-menuiserie.com\/wp-content\/uploads\/2018\/03\/20180223_162126-e1522831288532-600x734.jpg 600w, https:\/\/fc-menuiserie.com\/wp-content\/uploads\/2018\/03\/20180223_162126-e1522831288532.jpg 1944w\" sizes=\"(max-width: 245px) 100vw, 245px\" \/><\/a><\/p>\n<\/div>\n\t\t<\/div><\/div><\/div><div id=\"pg-54-6\"  class=\"panel-grid panel-no-style\" ><div id=\"pgc-54-6-0\"  class=\"panel-grid-cell\" ><div id=\"panel-54-6-0-0\" class=\"so-panel widget widget_text panel-first-child panel-last-child\" data-index=\"15\" >\t\t\t<div class=\"textwidget\"><p><a href=\"http:\/\/fc-menuiserie.com\/wp-content\/uploads\/2018\/03\/20180224_125124-e1522831165859.jpg\"><img loading=\"lazy\" class=\"alignnone wp-image-646 size-medium\" src=\"http:\/\/fc-menuiserie.com\/wp-content\/uploads\/2018\/03\/20180224_125124-e1522831165859-238x300.jpg\" alt=\"dressing-sur-mesure-porte-coulissante-panneaux-melamine-reims\" width=\"238\" height=\"300\" srcset=\"https:\/\/fc-menuiserie.com\/wp-content\/uploads\/2018\/03\/20180224_125124-e1522831165859-238x300.jpg 238w, https:\/\/fc-menuiserie.com\/wp-content\/uploads\/2018\/03\/20180224_125124-e1522831165859-768x970.jpg 768w, https:\/\/fc-menuiserie.com\/wp-content\/uploads\/2018\/03\/20180224_125124-e1522831165859-811x1024.jpg 811w, https:\/\/fc-menuiserie.com\/wp-content\/uploads\/2018\/03\/20180224_125124-e1522831165859-600x758.jpg 600w, https:\/\/fc-menuiserie.com\/wp-content\/uploads\/2018\/03\/20180224_125124-e1522831165859.jpg 1924w\" sizes=\"(max-width: 238px) 100vw, 238px\" \/><\/a><\/p>\n<\/div>\n\t\t<\/div><\/div><div id=\"pgc-54-6-1\"  class=\"panel-grid-cell\" ><div id=\"panel-54-6-1-0\" class=\"so-panel widget widget_text panel-first-child panel-last-child\" data-index=\"16\" >\t\t\t<div class=\"textwidget\"><p><a href=\"http:\/\/fc-menuiserie.com\/wp-content\/uploads\/2018\/03\/20180224_125018-e1522831201470.jpg\"><img loading=\"lazy\" class=\"alignnone wp-image-645 size-medium\" src=\"http:\/\/fc-menuiserie.com\/wp-content\/uploads\/2018\/03\/20180224_125018-e1522831201470-251x300.jpg\" alt=\"dressing-sur-mesure-porte-coulissante-panneaux-melamine-epernay\" width=\"251\" height=\"300\" srcset=\"https:\/\/fc-menuiserie.com\/wp-content\/uploads\/2018\/03\/20180224_125018-e1522831201470-251x300.jpg 251w, https:\/\/fc-menuiserie.com\/wp-content\/uploads\/2018\/03\/20180224_125018-e1522831201470-768x916.jpg 768w, https:\/\/fc-menuiserie.com\/wp-content\/uploads\/2018\/03\/20180224_125018-e1522831201470-858x1024.jpg 858w, https:\/\/fc-menuiserie.com\/wp-content\/uploads\/2018\/03\/20180224_125018-e1522831201470-600x716.jpg 600w, https:\/\/fc-menuiserie.com\/wp-content\/uploads\/2018\/03\/20180224_125018-e1522831201470.jpg 1944w\" sizes=\"(max-width: 251px) 100vw, 251px\" \/><\/a><\/p>\n<\/div>\n\t\t<\/div><\/div><div id=\"pgc-54-6-2\"  class=\"panel-grid-cell\" ><div id=\"panel-54-6-2-0\" class=\"so-panel widget widget_text panel-first-child panel-last-child\" data-index=\"17\" >\t\t\t<div class=\"textwidget\"><p><a href=\"http:\/\/fc-menuiserie.com\/wp-content\/uploads\/2018\/03\/20180224_125003-e1522831228536.jpg\"><img loading=\"lazy\" class=\"alignnone wp-image-644 size-medium\" src=\"http:\/\/fc-menuiserie.com\/wp-content\/uploads\/2018\/03\/20180224_125003-e1522831228536-248x300.jpg\" alt=\"dressing-sur-mesure-porte-coulissante-panneaux-melamine-reims\" width=\"248\" height=\"300\" srcset=\"https:\/\/fc-menuiserie.com\/wp-content\/uploads\/2018\/03\/20180224_125003-e1522831228536-248x300.jpg 248w, https:\/\/fc-menuiserie.com\/wp-content\/uploads\/2018\/03\/20180224_125003-e1522831228536-768x929.jpg 768w, https:\/\/fc-menuiserie.com\/wp-content\/uploads\/2018\/03\/20180224_125003-e1522831228536-846x1024.jpg 846w, https:\/\/fc-menuiserie.com\/wp-content\/uploads\/2018\/03\/20180224_125003-e1522831228536-600x726.jpg 600w, https:\/\/fc-menuiserie.com\/wp-content\/uploads\/2018\/03\/20180224_125003-e1522831228536.jpg 1944w\" sizes=\"(max-width: 248px) 100vw, 248px\" \/><\/a><\/p>\n<\/div>\n\t\t<\/div><\/div><div id=\"pgc-54-6-3\"  class=\"panel-grid-cell\" ><div id=\"panel-54-6-3-0\" class=\"so-panel widget widget_text panel-first-child panel-last-child\" data-index=\"18\" >\t\t\t<div class=\"textwidget\"><p><a href=\"http:\/\/fc-menuiserie.com\/wp-content\/uploads\/2018\/03\/20180224_124943-e1522831258860.jpg\"><img loading=\"lazy\" class=\"alignnone wp-image-643 size-medium\" src=\"http:\/\/fc-menuiserie.com\/wp-content\/uploads\/2018\/03\/20180224_124943-e1522831258860-240x300.jpg\" alt=\"dressing-sur-mesure-portes-coulissante-panneaux-melamine-chateaux-thierry\" width=\"240\" height=\"300\" srcset=\"https:\/\/fc-menuiserie.com\/wp-content\/uploads\/2018\/03\/20180224_124943-e1522831258860-240x300.jpg 240w, https:\/\/fc-menuiserie.com\/wp-content\/uploads\/2018\/03\/20180224_124943-e1522831258860-768x960.jpg 768w, https:\/\/fc-menuiserie.com\/wp-content\/uploads\/2018\/03\/20180224_124943-e1522831258860-819x1024.jpg 819w, https:\/\/fc-menuiserie.com\/wp-content\/uploads\/2018\/03\/20180224_124943-e1522831258860-600x750.jpg 600w, https:\/\/fc-menuiserie.com\/wp-content\/uploads\/2018\/03\/20180224_124943-e1522831258860.jpg 1944w\" sizes=\"(max-width: 240px) 100vw, 240px\" \/><\/a><\/p>\n<\/div>\n\t\t<\/div><\/div><\/div><\/div>","protected":false},"excerpt":{"rendered":"<p>Tous les meubles sont fait sur mesure en panneaux m\u00e9lamin\u00e9 ou en bois massif ,la couleur est choisie par le client gr\u00e2ce aux nuanciers propos\u00e9s par FC Menuiserie .L&rsquo;int\u00e9rieur est agen\u00e7able selon le go\u00fbt du client: tiroirs ,penderies ,\u00e9tag\u00e8res portes coulissantes ,miroirs ,etc&#8230;. Le socle est pos\u00e9 de niveaux Les<a class=\"moretag\" href=\"https:\/\/fc-menuiserie.com\/index.php\/dressing-cuisine-salle-de-bain\/\"> Lire la suite<\/a><\/p>\n","protected":false},"author":1,"featured_media":0,"parent":0,"menu_order":0,"comment_status":"closed","ping_status":"closed","template":"","meta":[],"yoast_head":"<!-- This site is optimized with the Yoast SEO plugin v20.6 - https:\/\/yoast.com\/wordpress\/plugins\/seo\/ -->\n<title>fc menuiserie bois,dressing et meubles sur mesure,parquets<\/title>\n<meta name=\"description\" content=\"FC menuiserie fabricant de dressing sur mesure,cuisine,salle de bain, situ\u00e9 \u00e0 Tr\u00e9lou sur Marne. Il peut intervenir \u00e0 Chateaux-Thierry, Epernay et Reims.\" \/>\n<meta name=\"robots\" content=\"index, follow, max-snippet:-1, max-image-preview:large, max-video-preview:-1\" \/>\n<link rel=\"canonical\" href=\"https:\/\/fc-menuiserie.com\/index.php\/dressing-cuisine-salle-de-bain\/\" \/>\n<meta property=\"og:locale\" content=\"fr_FR\" \/>\n<meta property=\"og:type\" content=\"article\" \/>\n<meta property=\"og:title\" content=\"fc menuiserie bois,dressing et meubles sur mesure,parquets\" \/>\n<meta property=\"og:description\" content=\"FC menuiserie fabricant de dressing sur mesure,cuisine,salle de bain, situ\u00e9 \u00e0 Tr\u00e9lou sur Marne. Il peut intervenir \u00e0 Chateaux-Thierry, Epernay et Reims.\" \/>\n<meta property=\"og:url\" content=\"https:\/\/fc-menuiserie.com\/index.php\/dressing-cuisine-salle-de-bain\/\" \/>\n<meta property=\"og:site_name\" content=\"FC menuiserie\" \/>\n<meta property=\"article:modified_time\" content=\"2025-01-04T16:07:43+00:00\" \/>\n<meta property=\"og:image\" content=\"http:\/\/fc-menuiserie.com\/wp-content\/uploads\/2018\/01\/20170331_181925-e1516704236667-225x300.jpg\" \/>\n<meta name=\"twitter:card\" content=\"summary_large_image\" \/>\n<meta name=\"twitter:label1\" content=\"Dur\u00e9e de lecture estim\u00e9e\" \/>\n\t<meta name=\"twitter:data1\" content=\"4 minutes\" \/>\n<script type=\"application\/ld+json\" class=\"yoast-schema-graph\">{\"@context\":\"https:\/\/schema.org\",\"@graph\":[{\"@type\":\"WebPage\",\"@id\":\"https:\/\/fc-menuiserie.com\/index.php\/dressing-cuisine-salle-de-bain\/\",\"url\":\"https:\/\/fc-menuiserie.com\/index.php\/dressing-cuisine-salle-de-bain\/\",\"name\":\"fc menuiserie bois,dressing et meubles sur mesure,parquets\",\"isPartOf\":{\"@id\":\"https:\/\/fc-menuiserie.com\/#website\"},\"datePublished\":\"2018-01-15T15:35:56+00:00\",\"dateModified\":\"2025-01-04T16:07:43+00:00\",\"description\":\"FC menuiserie fabricant de dressing sur mesure,cuisine,salle de bain, situ\u00e9 \u00e0 Tr\u00e9lou sur Marne. Il peut intervenir \u00e0 Chateaux-Thierry, Epernay et Reims.\",\"breadcrumb\":{\"@id\":\"https:\/\/fc-menuiserie.com\/index.php\/dressing-cuisine-salle-de-bain\/#breadcrumb\"},\"inLanguage\":\"fr-FR\",\"potentialAction\":[{\"@type\":\"ReadAction\",\"target\":[\"https:\/\/fc-menuiserie.com\/index.php\/dressing-cuisine-salle-de-bain\/\"]}]},{\"@type\":\"BreadcrumbList\",\"@id\":\"https:\/\/fc-menuiserie.com\/index.php\/dressing-cuisine-salle-de-bain\/#breadcrumb\",\"itemListElement\":[{\"@type\":\"ListItem\",\"position\":1,\"name\":\"Accueil\",\"item\":\"https:\/\/fc-menuiserie.com\/\"},{\"@type\":\"ListItem\",\"position\":2,\"name\":\"Dressing\"}]},{\"@type\":\"WebSite\",\"@id\":\"https:\/\/fc-menuiserie.com\/#website\",\"url\":\"https:\/\/fc-menuiserie.com\/\",\"name\":\"FC menuiserie\",\"description\":\"\",\"potentialAction\":[{\"@type\":\"SearchAction\",\"target\":{\"@type\":\"EntryPoint\",\"urlTemplate\":\"https:\/\/fc-menuiserie.com\/?s={search_term_string}\"},\"query-input\":\"required name=search_term_string\"}],\"inLanguage\":\"fr-FR\"}]}<\/script>\n<!-- \/ Yoast SEO plugin. -->","yoast_head_json":{"title":"fc menuiserie bois,dressing et meubles sur mesure,parquets","description":"FC menuiserie fabricant de dressing sur mesure,cuisine,salle de bain, situ\u00e9 \u00e0 Tr\u00e9lou sur Marne. Il peut intervenir \u00e0 Chateaux-Thierry, Epernay et Reims.","robots":{"index":"index","follow":"follow","max-snippet":"max-snippet:-1","max-image-preview":"max-image-preview:large","max-video-preview":"max-video-preview:-1"},"canonical":"https:\/\/fc-menuiserie.com\/index.php\/dressing-cuisine-salle-de-bain\/","og_locale":"fr_FR","og_type":"article","og_title":"fc menuiserie bois,dressing et meubles sur mesure,parquets","og_description":"FC menuiserie fabricant de dressing sur mesure,cuisine,salle de bain, situ\u00e9 \u00e0 Tr\u00e9lou sur Marne. Il peut intervenir \u00e0 Chateaux-Thierry, Epernay et Reims.","og_url":"https:\/\/fc-menuiserie.com\/index.php\/dressing-cuisine-salle-de-bain\/","og_site_name":"FC menuiserie","article_modified_time":"2025-01-04T16:07:43+00:00","og_image":[{"url":"http:\/\/fc-menuiserie.com\/wp-content\/uploads\/2018\/01\/20170331_181925-e1516704236667-225x300.jpg"}],"twitter_card":"summary_large_image","twitter_misc":{"Dur\u00e9e de lecture estim\u00e9e":"4 minutes"},"schema":{"@context":"https:\/\/schema.org","@graph":[{"@type":"WebPage","@id":"https:\/\/fc-menuiserie.com\/index.php\/dressing-cuisine-salle-de-bain\/","url":"https:\/\/fc-menuiserie.com\/index.php\/dressing-cuisine-salle-de-bain\/","name":"fc menuiserie bois,dressing et meubles sur mesure,parquets","isPartOf":{"@id":"https:\/\/fc-menuiserie.com\/#website"},"datePublished":"2018-01-15T15:35:56+00:00","dateModified":"2025-01-04T16:07:43+00:00","description":"FC menuiserie fabricant de dressing sur mesure,cuisine,salle de bain, situ\u00e9 \u00e0 Tr\u00e9lou sur Marne. Il peut intervenir \u00e0 Chateaux-Thierry, Epernay et Reims.","breadcrumb":{"@id":"https:\/\/fc-menuiserie.com\/index.php\/dressing-cuisine-salle-de-bain\/#breadcrumb"},"inLanguage":"fr-FR","potentialAction":[{"@type":"ReadAction","target":["https:\/\/fc-menuiserie.com\/index.php\/dressing-cuisine-salle-de-bain\/"]}]},{"@type":"BreadcrumbList","@id":"https:\/\/fc-menuiserie.com\/index.php\/dressing-cuisine-salle-de-bain\/#breadcrumb","itemListElement":[{"@type":"ListItem","position":1,"name":"Accueil","item":"https:\/\/fc-menuiserie.com\/"},{"@type":"ListItem","position":2,"name":"Dressing"}]},{"@type":"WebSite","@id":"https:\/\/fc-menuiserie.com\/#website","url":"https:\/\/fc-menuiserie.com\/","name":"FC menuiserie","description":"","potentialAction":[{"@type":"SearchAction","target":{"@type":"EntryPoint","urlTemplate":"https:\/\/fc-menuiserie.com\/?s={search_term_string}"},"query-input":"required name=search_term_string"}],"inLanguage":"fr-FR"}]}},"_links":{"self":[{"href":"https:\/\/fc-menuiserie.com\/index.php\/wp-json\/wp\/v2\/pages\/54"}],"collection":[{"href":"https:\/\/fc-menuiserie.com\/index.php\/wp-json\/wp\/v2\/pages"}],"about":[{"href":"https:\/\/fc-menuiserie.com\/index.php\/wp-json\/wp\/v2\/types\/page"}],"author":[{"embeddable":true,"href":"https:\/\/fc-menuiserie.com\/index.php\/wp-json\/wp\/v2\/users\/1"}],"replies":[{"embeddable":true,"href":"https:\/\/fc-menuiserie.com\/index.php\/wp-json\/wp\/v2\/comments?post=54"}],"version-history":[{"count":122,"href":"https:\/\/fc-menuiserie.com\/index.php\/wp-json\/wp\/v2\/pages\/54\/revisions"}],"predecessor-version":[{"id":1394,"href":"https:\/\/fc-menuiserie.com\/index.php\/wp-json\/wp\/v2\/pages\/54\/revisions\/1394"}],"wp:attachment":[{"href":"https:\/\/fc-menuiserie.com\/index.php\/wp-json\/wp\/v2\/media?parent=54"}],"curies":[{"name":"wp","href":"https:\/\/api.w.org\/{rel}","templated":true}]}}